{"id":5628,"date":"2025-10-25T17:41:12","date_gmt":"2025-10-25T15:41:12","guid":{"rendered":"https:\/\/onlinebikerental.com\/rent-hire\/nepest-ultegra-di2-54\/"},"modified":"2025-10-25T17:41:12","modified_gmt":"2025-10-25T15:41:12","slug":"nepest-ultegra-di2-54","status":"publish","type":"product","link":"https:\/\/onlinebikerental.com\/es\/alquiler-de-bicicletas-torrevieja\/nepest-ultegra-di2-54\/","title":{"rendered":"Nepest Ultegra DI2 (54) <div class=\"booqable-product-button\" data-id=\"di2-ultegra-rentabikeonline-nepest\"><\/div>"},"content":{"rendered":"<p>\u2714 Talla: 54<\/p>\n<p>\u2714 <span class=\"Y2IQFc\" lang=\"es\">Incluye kit de reparaci\u00f3n (c\u00e1mara de repuesto). (Si usas la c\u00e1mara de repuesto, tendr\u00e1s que pagar 9 \u20ac adicionales o adquirir una c\u00e1mara nueva).<\/span><\/p>\n<p>\u2714 Shimano Ultegra DI2\u00a0 12-Velocidades <strong>R8150 <\/strong>(Electronico)<\/p>\n<p>&nbsp;<\/p>\n<p>Ruedas: Nepest NOVA CARBON WHEELSET 45-55MM (CERAMIC BEARINGS)<\/p>\n<p>&nbsp;<\/p>\n","protected":false},"excerpt":{"rendered":"<table>\n<tbody>\n<tr>\n<td>1 D\u00eda<\/td>\n<td><span style=\"color: #0080ff;\">| \u20ac77<\/span><\/td>\n<\/tr>\n<tr>\n<td>2 D\u00edas<\/td>\n<td><span style=\"color: #0080ff;\">| \u20ac99<\/span><\/td>\n<\/tr>\n<tr>\n<td>3 D\u00edas<\/td>\n<td><span style=\"color: #0080ff;\">| \u20ac120<\/span><\/td>\n<\/tr>\n<tr>\n<td>4 D\u00edas<\/td>\n<td><span style=\"color: #0080ff;\">| \u20ac146<\/span><\/td>\n<\/tr>\n<tr>\n<td>5 D\u00edas<\/td>\n<td><span style=\"color: #0080ff;\">| \u20ac176<\/span><\/td>\n<\/tr>\n<tr>\n<td>6 D\u00edas<\/td>\n<td><span style=\"color: #0080ff;\">| \u20ac193<\/span><\/td>\n<\/tr>\n<tr>\n<td>7 D\u00edas<\/td>\n<td><span style=\"color: #0080ff;\">| \u20ac210<\/span><\/td>\n<\/tr>\n<\/tbody>\n<\/table>\n<p>\u26a0 <span style=\"color: #ff0000;\">Fianza<\/span> \u20ac500<\/p>\n","protected":false},"featured_media":5602,"template":"","meta":[],"product_cat":[268,602],"product_tag":[619,677,676],"yst_prominent_words":[444],"class_list":{"0":"post-5628","1":"product","2":"type-product","3":"status-publish","4":"has-post-thumbnail","6":"product_cat-alquiler-de-bicicletas","7":"product_cat-alquiler-de-bicicletas-de-carretera","8":"product_tag-alquiler-de-bicicletas-torrevieja","9":"product_tag-alquiler-de-bicicletas","10":"product_tag-carretera","12":"first","13":"instock","14":"shipping-taxable","15":"purchasable","16":"product-type-simple"},"_links":{"self":[{"href":"https:\/\/onlinebikerental.com\/es\/wp-json\/wp\/v2\/product\/5628","targetHints":{"allow":["GET"]}}],"collection":[{"href":"https:\/\/onlinebikerental.com\/es\/wp-json\/wp\/v2\/product"}],"about":[{"href":"https:\/\/onlinebikerental.com\/es\/wp-json\/wp\/v2\/types\/product"}],"wp:featuredmedia":[{"embeddable":true,"href":"https:\/\/onlinebikerental.com\/es\/wp-json\/wp\/v2\/media\/5602"}],"wp:attachment":[{"href":"https:\/\/onlinebikerental.com\/es\/wp-json\/wp\/v2\/media?parent=5628"}],"wp:term":[{"taxonomy":"product_cat","embeddable":true,"href":"https:\/\/onlinebikerental.com\/es\/wp-json\/wp\/v2\/product_cat?post=5628"},{"taxonomy":"product_tag","embeddable":true,"href":"https:\/\/onlinebikerental.com\/es\/wp-json\/wp\/v2\/product_tag?post=5628"},{"taxonomy":"yst_prominent_words","embeddable":true,"href":"https:\/\/onlinebikerental.com\/es\/wp-json\/wp\/v2\/yst_prominent_words?post=5628"}],"curies":[{"name":"wp","href":"https:\/\/api.w.org\/{rel}","templated":true}]}}