{"id":5248,"date":"2023-08-30T14:37:31","date_gmt":"2023-08-30T12:37:31","guid":{"rendered":"https:\/\/onlinebikerental.com\/?post_type=product&#038;p=5248"},"modified":"2025-04-17T14:50:08","modified_gmt":"2025-04-17T12:50:08","slug":"specialized-turbo-levo-ht-2020-s-kopie-copy","status":"publish","type":"product","link":"https:\/\/onlinebikerental.com\/es\/alquiler-de-bicicletas-torrevieja\/specialized-turbo-levo-ht-2020-s-kopie-copy\/","title":{"rendered":"Bulls E-bike (S) <div class=\"booqable-product-button\" data-id=\"turbo-levo-hardtail-s-2020\"><\/div> (kopie) (Copy)"},"content":{"rendered":"<div class=\"wpb-content-wrapper\"><p>[vc_row full_width=\u00bbstretch_row_content\u00bb css=\u00bb.vc_custom_1569416016277{background-color: #ffffff !important;}\u00bb][vc_column width=\u00bb1\/3&#8243;][vc_icon icon_fontawesome=\u00bbfa fa-battery-three-quarters\u00bb color=\u00bbgreen\u00bb size=\u00bblg\u00bb align=\u00bbcenter\u00bb][vc_column_text]<\/p>\n<h2 style=\"text-align: center;\">Bater\u00eda<\/h2>\n<p>[\/vc_column_text][vc_column_text]<\/p>\n<p style=\"text-align: center;\">Specialized M1-400, integrated Trail Display, ANT+\/Bluetooth\u00ae module, 400Wh<\/p>\n<p>[\/vc_column_text][vc_separator][vc_icon icon_bikeway=\u00bbbw-icon-bike-hub-2&#8243; type=\u00bbbikeway\u00bb color=\u00bbblack\u00bb size=\u00bbxl\u00bb align=\u00bbcenter\u00bb][vc_column_text]<\/p>\n<h2 style=\"text-align: center;\">Motor<\/h2>\n<p>[\/vc_column_text][vc_column_text]<\/p>\n<p style=\"text-align: center;\">Specialized 1.2 E, custom Rx Street-tuned motor, 250W nominal<\/p>\n<p>[\/vc_column_text][vc_empty_space][vc_separator][vc_icon icon_bikeway=\u00bbbw-icon-bike-comp\u00bb type=\u00bbbikeway\u00bb color=\u00bbjuicy_pink\u00bb size=\u00bbxl\u00bb align=\u00bbcenter\u00bb][vc_column_text]<\/p>\n<h2 style=\"text-align: center;\">L\u00edmite de velocidad<\/h2>\n<p>[\/vc_column_text][vc_column_text]<\/p>\n<p style=\"text-align: center;\">Seg\u00fan la ley espa\u00f1ola, todas nuestras bicicletas de alquiler el\u00e9ctricas est\u00e1n limitadas a 25 km \/ h.<\/p>\n<p>[\/vc_column_text][\/vc_column][vc_column width=\u00bb1\/3&#8243;][vc_column_text]<\/p>\n<h1 style=\"text-align: center;\">\u00a1esta es la bicicleta el\u00e9ctrica de alquiler m\u00e1s buscada!<\/h1>\n<p>[\/vc_column_text][vc_empty_space][vc_images_carousel images=\u00bb4086&#8243; img_size=\u00bbfull\u00bb autoplay=\u00bbyes\u00bb hide_prev_next_buttons=\u00bbyes\u00bb wrap=\u00bbyes\u00bb][vc_column_text]<\/p>\n<p style=\"text-align: center;\">La Turbo Levo Hardtail toma todo lo que hace una 29er r\u00e1pido sea divertido y eficiente &#8230; y luego lo hace a\u00fan mejor \u00bfC\u00f3mo? Tecnolog\u00eda turbo. El motor 1.2 E brinda un impulso poderoso y natural a tus esfuerzos de pedaleo. Esta es una bicicleta dise\u00f1ada para llevar tu camino a toda velocidad, sin ejercer todo ese esfuerzo extra.<\/p>\n<p style=\"text-align: center;\">EL RUTA VIENE PRIMERO<\/p>\n<p style=\"text-align: center;\">La Turbo Levo Hardtail tiene toda la velocidad y el manejo \u00e1gil por el que son conocidas nuestras bicicletas de trail: un ajuste f\u00e1cil, vainas ultra cortas para un manejo \u00e1gil y un soporte inferior bajo que hace que la bicicleta se sienta pegada al camino. En otras palabras, se monta como una impresionante bicicleta de monta\u00f1a en primer lugar: cu\u00e1l ser\u00eda el punto, de lo contrario<\/p>\n<p style=\"text-align: center;\">POTENCIA SUAVE Y NATURAL<\/p>\n<p style=\"text-align: center;\">El motor 1.2 E Turbo Levo Hardtail, suave y silenciosamente, agrega potencia a sus pedales y hace que escalar los senderos m\u00e1s empinados sea casi sin esfuerzo. Adem\u00e1s, puede ajustar esa potencia de salida para conservar energ\u00eda y aprovechar al m\u00e1ximo las millas de cada carga. Nuestros motores personalizados tambi\u00e9n cuentan con una activaci\u00f3n instant\u00e1nea del pedal, por lo que obtienes potencia inmediata en el momento en que la necesitas y un par constante en todo tu rango de cadencia.<\/p>\n<p>[\/vc_column_text][tooltip_icons][vc_empty_space][bikeway_promo_text el_title=\u00bbRide every where\u00bb text=\u00bbThis bicycle is suitable to ride around the salt lakes of Torrevieja and La Mata or other offroad terrains.\u00bb add_icon=\u00bbyes\u00bb icon_fontawesome=\u00bbfa fa-map-signs\u00bb custom_icon_color=\u00bb#a8840f\u00bb][\/vc_column][vc_column width=\u00bb1\/3&#8243;][vc_icon icon_bikeway=\u00bbbw-icon-bike-derailleur-2&#8243; type=\u00bbbikeway\u00bb color=\u00bbblack\u00bb size=\u00bbxl\u00bb align=\u00bbcenter\u00bb][vc_column_text]<\/p>\n<h2 style=\"text-align: center;\">Componentes<\/h2>\n<p>[\/vc_column_text][vc_column_text]<\/p>\n<p style=\"text-align: center;\">Shimano Alivio 1&#215;9 Velocidades<\/p>\n<p>[\/vc_column_text][vc_separator border_width=\u00bb2&#8243;][vc_icon icon_bikeway=\u00bbbw-icon-bike-wheel\u00bb type=\u00bbbikeway\u00bb color=\u00bbblack\u00bb size=\u00bbxl\u00bb align=\u00bbcenter\u00bb][vc_column_text]<\/p>\n<h2 style=\"text-align: center;\">Cubiertas<\/h2>\n<p>[\/vc_column_text][vc_column_text]<\/p>\n<p style=\"text-align: center;\">Ground Control, GRID casing, GRIPTON\u00ae compound, 2Bliss Ready, 29&#215;2.3&#8243;<\/p>\n<p>[\/vc_column_text][vc_empty_space height=\u00bb12px\u00bb][vc_separator][vc_icon icon_bikeway=\u00bbbw-icon-bike-helmet-2&#8243; type=\u00bbbikeway\u00bb color=\u00bbblack\u00bb size=\u00bbxl\u00bb align=\u00bbcenter\u00bb][vc_column_text]<\/p>\n<h2 style=\"text-align: center;\">Casco<\/h2>\n<p>[\/vc_column_text][vc_column_text]<\/p>\n<p style=\"text-align: center;\">El casco est\u00e1 incluido en el precio del alquiler.<\/p>\n<p>[\/vc_column_text][\/vc_column][\/vc_row]<\/p>\n<\/div>","protected":false},"excerpt":{"rendered":"<p>Solamente disponible en talla S.<\/p>\n<table>\n<tbody>\n<tr>\n<td>1 D\u00eda<\/td>\n<td><span style=\"color: #0080ff;\">| \u20ac45<\/span><\/td>\n<\/tr>\n<tr>\n<td>2 Dias<\/td>\n<td><span style=\"color: #0080ff;\">| \u20ac80<\/span><\/td>\n<\/tr>\n<tr>\n<td>3 Dias<\/td>\n<td><span style=\"color: #0080ff;\">| \u20ac99<\/span><\/td>\n<\/tr>\n<tr>\n<td>4 Dias<\/td>\n<td><span style=\"color: #0080ff;\">| \u20ac130<\/span><\/td>\n<\/tr>\n<tr>\n<td>5 Dias<\/td>\n<td><span style=\"color: #0080ff;\">| \u20ac150<\/span><\/td>\n<\/tr>\n<tr>\n<td>6 Dias<\/td>\n<td><span style=\"color: #0080ff;\">| \u20ac168<\/span><\/td>\n<\/tr>\n<tr>\n<td>7 Dias<\/td>\n<td><span style=\"color: #0080ff;\">| \u20ac182<\/span><\/td>\n<\/tr>\n<\/tbody>\n<\/table>\n<p>\u26a0 <span style=\"color: #ff0000;\">Fianza<\/span> onlinebikerental.com requiere una pre-autorizaci\u00f3n previa de \u20ac 500 con una tarjeta de cr\u00e9dito como fianza para todos los alquileres de bicicletas el\u00e9ctricas.<\/p>\n","protected":false},"featured_media":5139,"template":"","meta":[],"product_cat":[268,260],"product_tag":[],"yst_prominent_words":[406,408,770,407,404],"class_list":{"0":"post-5248","1":"product","2":"type-product","3":"status-publish","4":"has-post-thumbnail","6":"product_cat-alquiler-de-bicicletas","7":"product_cat-bicicleta-electrica","9":"first","10":"instock","11":"shipping-taxable","12":"purchasable","13":"product-type-simple"},"_links":{"self":[{"href":"https:\/\/onlinebikerental.com\/es\/wp-json\/wp\/v2\/product\/5248","targetHints":{"allow":["GET"]}}],"collection":[{"href":"https:\/\/onlinebikerental.com\/es\/wp-json\/wp\/v2\/product"}],"about":[{"href":"https:\/\/onlinebikerental.com\/es\/wp-json\/wp\/v2\/types\/product"}],"wp:featuredmedia":[{"embeddable":true,"href":"https:\/\/onlinebikerental.com\/es\/wp-json\/wp\/v2\/media\/5139"}],"wp:attachment":[{"href":"https:\/\/onlinebikerental.com\/es\/wp-json\/wp\/v2\/media?parent=5248"}],"wp:term":[{"taxonomy":"product_cat","embeddable":true,"href":"https:\/\/onlinebikerental.com\/es\/wp-json\/wp\/v2\/product_cat?post=5248"},{"taxonomy":"product_tag","embeddable":true,"href":"https:\/\/onlinebikerental.com\/es\/wp-json\/wp\/v2\/product_tag?post=5248"},{"taxonomy":"yst_prominent_words","embeddable":true,"href":"https:\/\/onlinebikerental.com\/es\/wp-json\/wp\/v2\/yst_prominent_words?post=5248"}],"curies":[{"name":"wp","href":"https:\/\/api.w.org\/{rel}","templated":true}]}}